{"id":106,"date":"2014-11-12T17:53:01","date_gmt":"2014-11-12T22:53:01","guid":{"rendered":"http:\/\/nathaliefrancoeur.com\/wp1\/?page_id=106"},"modified":"2014-11-13T02:54:24","modified_gmt":"2014-11-13T07:54:24","slug":"trouble-du-deficit-dattention-avec-ou-sans-hyperactivite-tdah","status":"publish","type":"page","link":"https:\/\/nathaliefrancoeur.com\/wp1\/?page_id=106","title":{"rendered":"Trouble du d\u00e9ficit d&rsquo;attention avec ou sans hyperactivit\u00e9 (TDA\/H)"},"content":{"rendered":"<p>La r\u00e9alit\u00e9 du trouble du d\u00e9ficit d\u2019attention est difficile \u00e0 comprendre. Qu\u2019il s\u2019agisse de vous ou de votre enfant, certains trucs concrets peuvent venir pallier \u00e0 ce d\u00e9ficit. Des strat\u00e9gies d\u2019interventions repr\u00e9sentent \u00e9galement des outils\u00a0pouvant vous amener \u00e0 mieux intervenir aupr\u00e8s de votre enfant et am\u00e9liorer votre relation avec celui-ci.<\/p>\n<p>Un d\u00e9ficit d\u2019attention n\u2019arrive jamais seul. Plus souvent qu\u2019autrement, celui-ci est accompagn\u00e9 de trouble du comportement, de difficult\u00e9s scolaires, de trouble d\u2019anxi\u00e9t\u00e9, d&rsquo;une faible estime personnelle, de trouble compulsif\u00a0ou de toute autre difficult\u00e9 d\u2019ordre psychosocial.<\/p>\n<p>Je suis entour\u00e9e d\u2019une \u00e9quipe sp\u00e9cialis\u00e9e pouvant proc\u00e9der \u00e0 l\u2019\u00e9valuation compl\u00e8te afin d\u2019obtenir un diagnostic dans des d\u00e9lais respectables.<\/p>\n<p>Communiquez avec moi et je saurai tr\u00e8s certainement vous offrir le service le mieux adapt\u00e9 \u00e0 votre besoin.<\/p>\n","protected":false},"excerpt":{"rendered":"<p>La r\u00e9alit\u00e9 du trouble du d\u00e9ficit d\u2019attention est difficile \u00e0 comprendre. Qu\u2019il s\u2019agisse de vous ou de votre enfant, certains trucs concrets peuvent venir pallier \u00e0 ce d\u00e9ficit. Des strat\u00e9gies d\u2019interventions repr\u00e9sentent \u00e9galement des outils\u00a0pouvant vous amener \u00e0 mieux intervenir<\/p>\n","protected":false},"author":1,"featured_media":0,"parent":12,"menu_order":60,"comment_status":"closed","ping_status":"open","template":"","meta":[],"_links":{"self":[{"href":"https:\/\/nathaliefrancoeur.com\/wp1\/index.php?rest_route=\/wp\/v2\/pages\/106"}],"collection":[{"href":"https:\/\/nathaliefrancoeur.com\/wp1\/index.php?rest_route=\/wp\/v2\/pages"}],"about":[{"href":"https:\/\/nathaliefrancoeur.com\/wp1\/index.php?rest_route=\/wp\/v2\/types\/page"}],"author":[{"embeddable":true,"href":"https:\/\/nathaliefrancoeur.com\/wp1\/index.php?rest_route=\/wp\/v2\/users\/1"}],"replies":[{"embeddable":true,"href":"https:\/\/nathaliefrancoeur.com\/wp1\/index.php?rest_route=%2Fwp%2Fv2%2Fcomments&post=106"}],"version-history":[{"count":3,"href":"https:\/\/nathaliefrancoeur.com\/wp1\/index.php?rest_route=\/wp\/v2\/pages\/106\/revisions"}],"predecessor-version":[{"id":130,"href":"https:\/\/nathaliefrancoeur.com\/wp1\/index.php?rest_route=\/wp\/v2\/pages\/106\/revisions\/130"}],"up":[{"embeddable":true,"href":"https:\/\/nathaliefrancoeur.com\/wp1\/index.php?rest_route=\/wp\/v2\/pages\/12"}],"wp:attachment":[{"href":"https:\/\/nathaliefrancoeur.com\/wp1\/index.php?rest_route=%2Fwp%2Fv2%2Fmedia&parent=106"}],"curies":[{"name":"wp","href":"https:\/\/api.w.org\/{rel}","templated":true}]}}