{"id":12,"date":"2014-09-12T20:37:21","date_gmt":"2014-09-12T20:37:21","guid":{"rendered":"http:\/\/nathaliefrancoeur.com\/wp1\/?page_id=12"},"modified":"2020-05-29T22:24:00","modified_gmt":"2020-05-30T02:24:00","slug":"services","status":"publish","type":"page","link":"https:\/\/nathaliefrancoeur.com\/wp1\/","title":{"rendered":"Services"},"content":{"rendered":"<p><a title=\"M\u00e9diation familiale\" href=\"https:\/\/nathaliefrancoeur.com\/wp1\/?page_id=76\">M\u00e9diation familiale<\/a><\/p>\n<p><a title=\"Consultations individuelles\" href=\"https:\/\/nathaliefrancoeur.com\/wp1\/?page_id=80\">Consultations individuelles<\/a><\/p>\n<p><a title=\"Coaching parental\" href=\"https:\/\/nathaliefrancoeur.com\/wp1\/?page_id=82\">Coaching parental<\/a><\/p>\n<p><a title=\"Intervention \u00e0 domicile\" href=\"https:\/\/nathaliefrancoeur.com\/wp1\/?page_id=133\">Intervention \u00e0 domicile<\/a><\/p>\n<p><a title=\"Th\u00e9rapie de couple\" href=\"https:\/\/nathaliefrancoeur.com\/wp1\/?page_id=88\">Th\u00e9rapie de couple<\/a><\/p>\n<p><a title=\"Trouble du d\u00e9ficit d\u2019attention avec ou sans hyperactivit\u00e9 (TDA\/H)\" href=\"https:\/\/nathaliefrancoeur.com\/wp1\/?page_id=106\">Trouble du d\u00e9ficit d&rsquo;attention avec ou sans hyperactivit\u00e9 (TDA\/H)<\/a><\/p>\n<p><a title=\"\u00c9valuation psychosociale\" href=\"https:\/\/nathaliefrancoeur.com\/wp1\/?page_id=167\">\u00c9valuation psychosociale<\/a><\/p>\n<p><a title=\"Formation EMT (Eye Movement Technique)\" href=\"https:\/\/nathaliefrancoeur.com\/wp1\/?page_id=174\">Formation EMT (Eye Movement Technique)<\/a><\/p>\n","protected":false},"excerpt":{"rendered":"<p>M\u00e9diation familiale Consultations individuelles Coaching parental Intervention \u00e0 domicile Th\u00e9rapie de couple Trouble du d\u00e9ficit d&rsquo;attention avec ou sans hyperactivit\u00e9 (TDA\/H) \u00c9valuation psychosociale Formation EMT (Eye Movement Technique)<\/p>\n","protected":false},"author":1,"featured_media":0,"parent":0,"menu_order":0,"comment_status":"closed","ping_status":"closed","template":"","meta":[],"_links":{"self":[{"href":"https:\/\/nathaliefrancoeur.com\/wp1\/index.php?rest_route=\/wp\/v2\/pages\/12"}],"collection":[{"href":"https:\/\/nathaliefrancoeur.com\/wp1\/index.php?rest_route=\/wp\/v2\/pages"}],"about":[{"href":"https:\/\/nathaliefrancoeur.com\/wp1\/index.php?rest_route=\/wp\/v2\/types\/page"}],"author":[{"embeddable":true,"href":"https:\/\/nathaliefrancoeur.com\/wp1\/index.php?rest_route=\/wp\/v2\/users\/1"}],"replies":[{"embeddable":true,"href":"https:\/\/nathaliefrancoeur.com\/wp1\/index.php?rest_route=%2Fwp%2Fv2%2Fcomments&post=12"}],"version-history":[{"count":9,"href":"https:\/\/nathaliefrancoeur.com\/wp1\/index.php?rest_route=\/wp\/v2\/pages\/12\/revisions"}],"predecessor-version":[{"id":180,"href":"https:\/\/nathaliefrancoeur.com\/wp1\/index.php?rest_route=\/wp\/v2\/pages\/12\/revisions\/180"}],"wp:attachment":[{"href":"https:\/\/nathaliefrancoeur.com\/wp1\/index.php?rest_route=%2Fwp%2Fv2%2Fmedia&parent=12"}],"curies":[{"name":"wp","href":"https:\/\/api.w.org\/{rel}","templated":true}]}}