{"id":133,"date":"2014-11-12T18:56:38","date_gmt":"2014-11-12T23:56:38","guid":{"rendered":"http:\/\/nathaliefrancoeur.com\/wp1\/?page_id=133"},"modified":"2014-11-13T02:51:25","modified_gmt":"2014-11-13T07:51:25","slug":"intervention-a-domicile-2","status":"publish","type":"page","link":"https:\/\/nathaliefrancoeur.com\/wp1\/?page_id=133","title":{"rendered":"Intervention \u00e0 domicile"},"content":{"rendered":"<p><em>Super Nanny \u00e0 la rescousse!<\/em><\/p>\n<p>Vous connaissez peut-\u00eatre l\u2019\u00e9mission de t\u00e9l\u00e9vision \u00abSuper Nanny\u00bb?\u00a0 Inspir\u00e9 de cette \u00e9mission, ce service\u00a0permet de bien comprendre votre dynamique familiale. Une image vaut mille mots! Je propose de me d\u00e9placer \u00e0 votre domicile et de vous proposer des solutions aux divers probl\u00e8mes \u00e9prouv\u00e9s (comportement, sommeil, heures de repas, devoirs, entra\u00eenement \u00e0 la propret\u00e9, etc.). Un \u00abplan de match\u00bb efficace et un suivi rigoureux vous attend. \u00cates-vous pr\u00eats?<\/p>\n","protected":false},"excerpt":{"rendered":"<p>Super Nanny \u00e0 la rescousse! Vous connaissez peut-\u00eatre l\u2019\u00e9mission de t\u00e9l\u00e9vision \u00abSuper Nanny\u00bb?\u00a0 Inspir\u00e9 de cette \u00e9mission, ce service\u00a0permet de bien comprendre votre dynamique familiale. Une image vaut mille mots! Je propose de me d\u00e9placer \u00e0 votre domicile et de<\/p>\n","protected":false},"author":1,"featured_media":0,"parent":12,"menu_order":40,"comment_status":"closed","ping_status":"open","template":"","meta":[],"_links":{"self":[{"href":"https:\/\/nathaliefrancoeur.com\/wp1\/index.php?rest_route=\/wp\/v2\/pages\/133"}],"collection":[{"href":"https:\/\/nathaliefrancoeur.com\/wp1\/index.php?rest_route=\/wp\/v2\/pages"}],"about":[{"href":"https:\/\/nathaliefrancoeur.com\/wp1\/index.php?rest_route=\/wp\/v2\/types\/page"}],"author":[{"embeddable":true,"href":"https:\/\/nathaliefrancoeur.com\/wp1\/index.php?rest_route=\/wp\/v2\/users\/1"}],"replies":[{"embeddable":true,"href":"https:\/\/nathaliefrancoeur.com\/wp1\/index.php?rest_route=%2Fwp%2Fv2%2Fcomments&post=133"}],"version-history":[{"count":2,"href":"https:\/\/nathaliefrancoeur.com\/wp1\/index.php?rest_route=\/wp\/v2\/pages\/133\/revisions"}],"predecessor-version":[{"id":145,"href":"https:\/\/nathaliefrancoeur.com\/wp1\/index.php?rest_route=\/wp\/v2\/pages\/133\/revisions\/145"}],"up":[{"embeddable":true,"href":"https:\/\/nathaliefrancoeur.com\/wp1\/index.php?rest_route=\/wp\/v2\/pages\/12"}],"wp:attachment":[{"href":"https:\/\/nathaliefrancoeur.com\/wp1\/index.php?rest_route=%2Fwp%2Fv2%2Fmedia&parent=133"}],"curies":[{"name":"wp","href":"https:\/\/api.w.org\/{rel}","templated":true}]}}