{"id":16,"date":"2014-09-12T20:38:10","date_gmt":"2014-09-12T20:38:10","guid":{"rendered":"http:\/\/nathaliefrancoeur.com\/wp1\/?page_id=16"},"modified":"2016-07-16T01:17:45","modified_gmt":"2016-07-16T05:17:45","slug":"a-propos","status":"publish","type":"page","link":"https:\/\/nathaliefrancoeur.com\/wp1\/?page_id=16","title":{"rendered":"\u00c0 propos"},"content":{"rendered":"<p>&nbsp;<\/p>\n<h4><img decoding=\"async\" loading=\"lazy\" src=\"https:\/\/nathaliefrancoeur.com\/wp1\/wp-content\/uploads\/2016\/07\/IMG_1059c-214x300.jpg\" alt=\"Nathalie Francoeur\" width=\"214\" height=\"300\" \/><\/h4>\n<h5>Nathalie Francoeur<\/h5>\n<p>Travailleuse sociale et M\u00e9diatrice familiale accr\u00e9dit\u00e9e<\/p>\n<p>Dipl\u00f4m\u00e9e universitaire en service social, membre en r\u00e8gle de l&rsquo;Ordre des travailleurs sociaux du Qu\u00e9bec, m\u00e9diatrice familiale accr\u00e9dit\u00e9e et experte \u00e0 la Cour Sup\u00e9rieure du Qu\u00e9bec, Nathalie se distingue par son dynamisme et sa facilit\u00e9 \u00e0 entrer en relation avec ses clients. Sa pr\u00e9occupation pour le bien-\u00eatre des gens et sa passion pour les relations humaines ont motiv\u00e9 la fondation de sa clinique priv\u00e9e.<\/p>\n<p>Elle d\u00e9tient une solide exp\u00e9rience de travail dans le r\u00e9seau de la sant\u00e9. Ayant d\u00e9velopp\u00e9 une expertise en intervention aupr\u00e8s des jeunes en trouble de comportement \u00e0 titre de conseill\u00e8re experte aupr\u00e8s des commissions scolaires de la r\u00e9gion, elle met \u00e0 profit ses comp\u00e9tences dans sa pratique priv\u00e9e. Le TDA\/H a \u00e9galement \u00e9t\u00e9 au c\u0153ur de son perfectionnement professionnel. Elle a \u00e9t\u00e9 \u00e0 l\u2019embauche du Centre de r\u00e9adaptation en alcoolisme et toxicomanie (CRAT-CA) o\u00f9 elle travaillait en th\u00e9rapie intensive. Parall\u00e8lement \u00e0 son travail dans le r\u00e9seau, elle s&rsquo;est form\u00e9e en th\u00e9rapie de couple et en m\u00e9diation familiale afin d&rsquo;accompagner les couples en d\u00e9marches de s\u00e9paration. Son expertise l\u2019a men\u00e9e \u00e0 lui voir confier des mandats de la Cour Sup\u00e9rieure du Qu\u00e9bec afin d\u2019\u00e9valuer les mandats de garde l\u00e9gale d\u2019enfants en contexte de litige de s\u00e9paration. Son cheminement professionnel t\u00e9moigne de son expertise, de son professionnalisme et de sa passion. Elle saura tr\u00e8s certainement r\u00e9pondre \u00e0 vos besoins et \u00e0 vos attentes.<\/p>\n<p>&nbsp;<\/p>\n<h5>Formations compl\u00e9mentaires<\/h5>\n<table width=\"772\">\n<tbody>\n<tr>\n<td width=\"576\">Formation en \u00e9valuation psychosociale en rapport avec les r\u00e9gimes de protection de la personne majeure, OPTSQ<\/td>\n<td width=\"143\">2016<\/td>\n<\/tr>\n<tr>\n<td width=\"576\">Formation EMT (Eye Movement Technique), OPTSQ<\/td>\n<td width=\"143\">2015<\/td>\n<\/tr>\n<tr>\n<td width=\"576\">Formation en Expertise psychosociale en mati\u00e8re de garde d\u2019enfants, Cour sup\u00e9rieure du Qu\u00e9bec<\/td>\n<td width=\"143\">depuis 2013<\/td>\n<\/tr>\n<tr>\n<td width=\"576\">Formation en m\u00e9diation familiale (niveau 1)<\/td>\n<td width=\"143\">2013<\/td>\n<\/tr>\n<tr>\n<td width=\"576\">Formation en m\u00e9diation familiale (niveau 2), Groupe Mentis<\/td>\n<td width=\"143\">2014<\/td>\n<\/tr>\n<tr>\n<td width=\"576\">Formation TDAHIntervention aupr\u00e8s des enfants et de leur famille, OPTSQ<\/td>\n<td width=\"143\">2012<\/td>\n<\/tr>\n<tr>\n<td width=\"576\">Formation sur la pacification des crises aigu\u00eb, Agence de la sant\u00e9<\/td>\n<td width=\"143\">2011<\/td>\n<\/tr>\n<tr>\n<td width=\"576\">Formation sur l\u2019intervention aupr\u00e8s des groupes, Universit\u00e9 Laval, Qu\u00e9bec<\/td>\n<td width=\"143\">2009<\/td>\n<\/tr>\n<tr>\n<td width=\"576\">Formation sur la r\u00e9daction des plans d\u2019intervention (PI) et des services individualis\u00e9s (PSI), Centre sant\u00e9 et Service sociaux de Beauce<\/td>\n<td width=\"143\">2009<\/td>\n<\/tr>\n<tr>\n<td width=\"576\">Membre de l\u2019ordre professionnel des travailleurs sociaux du Qu\u00e9bec<\/td>\n<td width=\"143\">depuis 2010<\/td>\n<\/tr>\n<tr>\n<td width=\"576\">Membre de l\u2019AMFQ Association des m\u00e9diateurs familiaux du Qu\u00e9bec<\/td>\n<td width=\"143\">depuis 2014<\/td>\n<\/tr>\n<\/tbody>\n<\/table>\n<h4><\/h4>\n<h5>Collaboration avec de nombreux partenaires<\/h5>\n<ul>\n<li>Programmes d\u2019aide aux employ\u00e9s (PAE, PAP)<\/li>\n<li>Compagnies d\u2019assurances<\/li>\n<li>Maisons de la famille<\/li>\n<li>Carrefours Jeunesse-Emploi<\/li>\n<li>CSSS &#8211; Centres de services sociaux de Chaudi\u00e8re-Appalaches<\/li>\n<li>Commissions scolaires<\/li>\n<\/ul>\n<p>&nbsp;<\/p>\n<p>&nbsp;<\/p>\n","protected":false},"excerpt":{"rendered":"<p>&nbsp; Nathalie Francoeur Travailleuse sociale et M\u00e9diatrice familiale accr\u00e9dit\u00e9e Dipl\u00f4m\u00e9e universitaire en service social, membre en r\u00e8gle de l&rsquo;Ordre des travailleurs sociaux du Qu\u00e9bec, m\u00e9diatrice familiale accr\u00e9dit\u00e9e et experte \u00e0 la Cour Sup\u00e9rieure du Qu\u00e9bec, Nathalie se distingue par son<\/p>\n","protected":false},"author":1,"featured_media":0,"parent":0,"menu_order":0,"comment_status":"closed","ping_status":"closed","template":"","meta":[],"_links":{"self":[{"href":"https:\/\/nathaliefrancoeur.com\/wp1\/index.php?rest_route=\/wp\/v2\/pages\/16"}],"collection":[{"href":"https:\/\/nathaliefrancoeur.com\/wp1\/index.php?rest_route=\/wp\/v2\/pages"}],"about":[{"href":"https:\/\/nathaliefrancoeur.com\/wp1\/index.php?rest_route=\/wp\/v2\/types\/page"}],"author":[{"embeddable":true,"href":"https:\/\/nathaliefrancoeur.com\/wp1\/index.php?rest_route=\/wp\/v2\/users\/1"}],"replies":[{"embeddable":true,"href":"https:\/\/nathaliefrancoeur.com\/wp1\/index.php?rest_route=%2Fwp%2Fv2%2Fcomments&post=16"}],"version-history":[{"count":14,"href":"https:\/\/nathaliefrancoeur.com\/wp1\/index.php?rest_route=\/wp\/v2\/pages\/16\/revisions"}],"predecessor-version":[{"id":184,"href":"https:\/\/nathaliefrancoeur.com\/wp1\/index.php?rest_route=\/wp\/v2\/pages\/16\/revisions\/184"}],"wp:attachment":[{"href":"https:\/\/nathaliefrancoeur.com\/wp1\/index.php?rest_route=%2Fwp%2Fv2%2Fmedia&parent=16"}],"curies":[{"name":"wp","href":"https:\/\/api.w.org\/{rel}","templated":true}]}}