{"id":167,"date":"2016-07-16T00:46:41","date_gmt":"2016-07-16T04:46:41","guid":{"rendered":"http:\/\/nathaliefrancoeur.com\/wp1\/?page_id=167"},"modified":"2016-07-16T01:09:38","modified_gmt":"2016-07-16T05:09:38","slug":"evaluation-psychosociale","status":"publish","type":"page","link":"https:\/\/nathaliefrancoeur.com\/wp1\/?page_id=167","title":{"rendered":"\u00c9valuation psychosociale"},"content":{"rendered":"<p><em>\u00c9valuation psychosociale en rapport avec les r\u00e9gimes de protection de la personne majeure<\/em><\/p>\n<p>Lorsqu\u2019une personne ou un membre de sa famille souhaite faire appliquer un mandat d\u2019inaptitude, diff\u00e9rentes \u00e9valuations de la personne sont n\u00e9cessaires. Une personne peut \u00eatre d\u00e9clar\u00e9e inapte de sa personne ou inapte de la gestion de ses biens ou en inaptitude totale. Pour en arriver \u00e0 l\u2019une de ces conclusions, une \u00e9valuation psychosociale est n\u00e9cessaire.<\/p>\n","protected":false},"excerpt":{"rendered":"<p>\u00c9valuation psychosociale en rapport avec les r\u00e9gimes de protection de la personne majeure Lorsqu\u2019une personne ou un membre de sa famille souhaite faire appliquer un mandat d\u2019inaptitude, diff\u00e9rentes \u00e9valuations de la personne sont n\u00e9cessaires. Une personne peut \u00eatre d\u00e9clar\u00e9e inapte<\/p>\n","protected":false},"author":1,"featured_media":0,"parent":12,"menu_order":70,"comment_status":"closed","ping_status":"closed","template":"","meta":[],"_links":{"self":[{"href":"https:\/\/nathaliefrancoeur.com\/wp1\/index.php?rest_route=\/wp\/v2\/pages\/167"}],"collection":[{"href":"https:\/\/nathaliefrancoeur.com\/wp1\/index.php?rest_route=\/wp\/v2\/pages"}],"about":[{"href":"https:\/\/nathaliefrancoeur.com\/wp1\/index.php?rest_route=\/wp\/v2\/types\/page"}],"author":[{"embeddable":true,"href":"https:\/\/nathaliefrancoeur.com\/wp1\/index.php?rest_route=\/wp\/v2\/users\/1"}],"replies":[{"embeddable":true,"href":"https:\/\/nathaliefrancoeur.com\/wp1\/index.php?rest_route=%2Fwp%2Fv2%2Fcomments&post=167"}],"version-history":[{"count":4,"href":"https:\/\/nathaliefrancoeur.com\/wp1\/index.php?rest_route=\/wp\/v2\/pages\/167\/revisions"}],"predecessor-version":[{"id":178,"href":"https:\/\/nathaliefrancoeur.com\/wp1\/index.php?rest_route=\/wp\/v2\/pages\/167\/revisions\/178"}],"up":[{"embeddable":true,"href":"https:\/\/nathaliefrancoeur.com\/wp1\/index.php?rest_route=\/wp\/v2\/pages\/12"}],"wp:attachment":[{"href":"https:\/\/nathaliefrancoeur.com\/wp1\/index.php?rest_route=%2Fwp%2Fv2%2Fmedia&parent=167"}],"curies":[{"name":"wp","href":"https:\/\/api.w.org\/{rel}","templated":true}]}}