{"id":174,"date":"2016-07-16T01:07:43","date_gmt":"2016-07-16T05:07:43","guid":{"rendered":"http:\/\/nathaliefrancoeur.com\/wp1\/?page_id=174"},"modified":"2016-07-16T01:14:48","modified_gmt":"2016-07-16T05:14:48","slug":"formation-emt-eye-movement-technique","status":"publish","type":"page","link":"https:\/\/nathaliefrancoeur.com\/wp1\/?page_id=174","title":{"rendered":"Formation EMT (Eye Movement Technique)"},"content":{"rendered":"<p>L\u2019EMT permet de g\u00e9rer de nombreuses \u00e9motions n\u00e9gatives. Qu\u2019il s\u2019agisse d\u2019une situation actuelle ou future, l\u2019EMT est un outil strat\u00e9gique en th\u00e9rapie br\u00e8ve. Lors d\u2019une s\u00e9ance d\u2019EMT, la personne est en position de relaxation profonde tout en \u00e9tant pleinement consciente. Cette technique peut \u00eatre utilis\u00e9e autant aupr\u00e8s des enfants que des adultes. Une s\u00e9ance suffit g\u00e9n\u00e9ralement pour g\u00e9rer les \u00e9motions n\u00e9gatives associ\u00e9es \u00e0 diff\u00e9rentes situations.<\/p>\n<p>L\u2019EMT peut \u00eatre utilis\u00e9 pour g\u00e9rer, par exemple\u00a0:<\/p>\n<ul>\n<li>la peur de ne pas dormir;<\/li>\n<li>l\u2019anxi\u00e9t\u00e9 \u00e0 l\u2019id\u00e9e de parler en public;<\/li>\n<li>le stress avant un examen m\u00e9dical;<\/li>\n<li>le stress li\u00e9 \u00e0 une perte d\u2019emploi ou \u00e0 un retour au travail;<\/li>\n<li>la culpabilit\u00e9 d\u2019avoir rompu ou \u00e0 l\u2019id\u00e9e de rompre;<\/li>\n<li>la col\u00e8re se rapportant au comportement d\u2019une autre personne (patron, coll\u00e8gue, etc.);<\/li>\n<li>l\u2019anxi\u00e9t\u00e9 avant un examen scolaire\u00a0;<\/li>\n<li>etc.<\/li>\n<\/ul>\n<p>&nbsp;<\/p>\n","protected":false},"excerpt":{"rendered":"<p>L\u2019EMT permet de g\u00e9rer de nombreuses \u00e9motions n\u00e9gatives. Qu\u2019il s\u2019agisse d\u2019une situation actuelle ou future, l\u2019EMT est un outil strat\u00e9gique en th\u00e9rapie br\u00e8ve. Lors d\u2019une s\u00e9ance d\u2019EMT, la personne est en position de relaxation profonde tout en \u00e9tant pleinement consciente.<\/p>\n","protected":false},"author":1,"featured_media":0,"parent":12,"menu_order":80,"comment_status":"closed","ping_status":"closed","template":"","meta":[],"_links":{"self":[{"href":"https:\/\/nathaliefrancoeur.com\/wp1\/index.php?rest_route=\/wp\/v2\/pages\/174"}],"collection":[{"href":"https:\/\/nathaliefrancoeur.com\/wp1\/index.php?rest_route=\/wp\/v2\/pages"}],"about":[{"href":"https:\/\/nathaliefrancoeur.com\/wp1\/index.php?rest_route=\/wp\/v2\/types\/page"}],"author":[{"embeddable":true,"href":"https:\/\/nathaliefrancoeur.com\/wp1\/index.php?rest_route=\/wp\/v2\/users\/1"}],"replies":[{"embeddable":true,"href":"https:\/\/nathaliefrancoeur.com\/wp1\/index.php?rest_route=%2Fwp%2Fv2%2Fcomments&post=174"}],"version-history":[{"count":4,"href":"https:\/\/nathaliefrancoeur.com\/wp1\/index.php?rest_route=\/wp\/v2\/pages\/174\/revisions"}],"predecessor-version":[{"id":182,"href":"https:\/\/nathaliefrancoeur.com\/wp1\/index.php?rest_route=\/wp\/v2\/pages\/174\/revisions\/182"}],"up":[{"embeddable":true,"href":"https:\/\/nathaliefrancoeur.com\/wp1\/index.php?rest_route=\/wp\/v2\/pages\/12"}],"wp:attachment":[{"href":"https:\/\/nathaliefrancoeur.com\/wp1\/index.php?rest_route=%2Fwp%2Fv2%2Fmedia&parent=174"}],"curies":[{"name":"wp","href":"https:\/\/api.w.org\/{rel}","templated":true}]}}