{"id":80,"date":"2014-11-12T17:35:53","date_gmt":"2014-11-12T22:35:53","guid":{"rendered":"http:\/\/nathaliefrancoeur.com\/wp1\/?page_id=80"},"modified":"2014-11-13T02:49:15","modified_gmt":"2014-11-13T07:49:15","slug":"consultation-individuelle","status":"publish","type":"page","link":"https:\/\/nathaliefrancoeur.com\/wp1\/?page_id=80","title":{"rendered":"Consultations individuelles"},"content":{"rendered":"<p><em>J\u2019ai besoin de reprendre\u00a0du contr\u00f4le dans ma vie!<\/em><\/p>\n<p>Ce service s&rsquo;adresse aux enfants, adolescents et adultes.<\/p>\n<ul>\n<li>Anxi\u00e9t\u00e9<\/li>\n<li>D\u00e9pression, \u00e9puisement<\/li>\n<li>Estime personnelle<\/li>\n<li>S\u00e9paration, divorce<\/li>\n<li>Trouble d&rsquo;opposition<\/li>\n<li>Trouble de comportement<\/li>\n<li><a title=\"Trouble du d\u00e9ficit d\u2019attention avec ou sans hyperactivit\u00e9 (TDA\/H)\" href=\"https:\/\/nathaliefrancoeur.com\/wp1\/?page_id=106\">TDA\/H<\/a><\/li>\n<li>Relations familiales<\/li>\n<li>Toxicomanie, alcoolisme<\/li>\n<\/ul>\n<p>Une th\u00e9rapie individuelle peut s\u2019av\u00e9rer une opportunit\u00e9 de reprise de contr\u00f4le face \u00e0 une situation ou un comportement avec lequel il nous est difficile de fonctionner ad\u00e9quatement. Comprendre nos m\u00e9canismes internes, d\u00e9mystifier nos strat\u00e9gies d&rsquo;adaptation et modifier nos perceptions nous am\u00e8ne vers une solution durable. Une approche dynamique, court terme, mettant \u00e0 profit mes connaissances professionnelles, le tout offert dans un climat chaleureux. \u00c0 l&rsquo;image de vos besoins, vous compl\u00e9terez cette d\u00e9marche avec des outils concrets et une meilleure connaissance de vous-m\u00eame.<\/p>\n","protected":false},"excerpt":{"rendered":"<p>J\u2019ai besoin de reprendre\u00a0du contr\u00f4le dans ma vie! Ce service s&rsquo;adresse aux enfants, adolescents et adultes. Anxi\u00e9t\u00e9 D\u00e9pression, \u00e9puisement Estime personnelle S\u00e9paration, divorce Trouble d&rsquo;opposition Trouble de comportement TDA\/H Relations familiales Toxicomanie, alcoolisme Une th\u00e9rapie individuelle peut s\u2019av\u00e9rer une opportunit\u00e9<\/p>\n","protected":false},"author":1,"featured_media":0,"parent":12,"menu_order":20,"comment_status":"closed","ping_status":"open","template":"","meta":[],"_links":{"self":[{"href":"https:\/\/nathaliefrancoeur.com\/wp1\/index.php?rest_route=\/wp\/v2\/pages\/80"}],"collection":[{"href":"https:\/\/nathaliefrancoeur.com\/wp1\/index.php?rest_route=\/wp\/v2\/pages"}],"about":[{"href":"https:\/\/nathaliefrancoeur.com\/wp1\/index.php?rest_route=\/wp\/v2\/types\/page"}],"author":[{"embeddable":true,"href":"https:\/\/nathaliefrancoeur.com\/wp1\/index.php?rest_route=\/wp\/v2\/users\/1"}],"replies":[{"embeddable":true,"href":"https:\/\/nathaliefrancoeur.com\/wp1\/index.php?rest_route=%2Fwp%2Fv2%2Fcomments&post=80"}],"version-history":[{"count":7,"href":"https:\/\/nathaliefrancoeur.com\/wp1\/index.php?rest_route=\/wp\/v2\/pages\/80\/revisions"}],"predecessor-version":[{"id":143,"href":"https:\/\/nathaliefrancoeur.com\/wp1\/index.php?rest_route=\/wp\/v2\/pages\/80\/revisions\/143"}],"up":[{"embeddable":true,"href":"https:\/\/nathaliefrancoeur.com\/wp1\/index.php?rest_route=\/wp\/v2\/pages\/12"}],"wp:attachment":[{"href":"https:\/\/nathaliefrancoeur.com\/wp1\/index.php?rest_route=%2Fwp%2Fv2%2Fmedia&parent=80"}],"curies":[{"name":"wp","href":"https:\/\/api.w.org\/{rel}","templated":true}]}}