{"id":82,"date":"2014-11-12T17:37:31","date_gmt":"2014-11-12T22:37:31","guid":{"rendered":"http:\/\/nathaliefrancoeur.com\/wp1\/?page_id=82"},"modified":"2014-11-13T02:50:08","modified_gmt":"2014-11-13T07:50:08","slug":"coaching-parental","status":"publish","type":"page","link":"https:\/\/nathaliefrancoeur.com\/wp1\/?page_id=82","title":{"rendered":"Coaching parental"},"content":{"rendered":"<p><em>Quand les parents adoptent de meilleures pratiques, les enfants en font autant!<\/em><\/p>\n<p>Devant le d\u00e9fi que repr\u00e9sente l&rsquo;\u00e9ducation des enfants, il arrive parfois de ne pas trouver d&rsquo;issue devant une impasse v\u00e9cue avec votre enfant. Inspir\u00e9e de la r\u00e9alit\u00e9 d&rsquo;aujourd&rsquo;hui, j&rsquo;ai d\u00e9velopp\u00e9 un service sur mesure afin de r\u00e9pondre \u00e0 toutes les familles d\u00e9sirant obtenir des m\u00e9thodes concr\u00e8tes et durables afin d&rsquo;intervenir de mani\u00e8re efficace devant les comportements inacceptables de votre enfant.<\/p>\n<ul>\n<li>Trouble de comportement<\/li>\n<li>Trouble d&rsquo;opposition<\/li>\n<li>Discipline<\/li>\n<li>Propret\u00e9<\/li>\n<li>Probl\u00e8me de sommeil<\/li>\n<li>Anxi\u00e9t\u00e9 chez l&rsquo;enfant<\/li>\n<li>Phobies<\/li>\n<li>Motivation scolaire<\/li>\n<li>Relations interpersonnelles<\/li>\n<li>Habilet\u00e9s sociales<\/li>\n<li><a title=\"Trouble du d\u00e9ficit d\u2019attention avec ou sans hyperactivit\u00e9 (TDA\/H)\" href=\"https:\/\/nathaliefrancoeur.com\/wp1\/?page_id=106\">TDA\/H<\/a><\/li>\n<\/ul>\n<p>&nbsp;<\/p>\n","protected":false},"excerpt":{"rendered":"<p>Quand les parents adoptent de meilleures pratiques, les enfants en font autant! Devant le d\u00e9fi que repr\u00e9sente l&rsquo;\u00e9ducation des enfants, il arrive parfois de ne pas trouver d&rsquo;issue devant une impasse v\u00e9cue avec votre enfant. Inspir\u00e9e de la r\u00e9alit\u00e9 d&rsquo;aujourd&rsquo;hui,<\/p>\n","protected":false},"author":1,"featured_media":0,"parent":12,"menu_order":30,"comment_status":"closed","ping_status":"open","template":"","meta":[],"_links":{"self":[{"href":"https:\/\/nathaliefrancoeur.com\/wp1\/index.php?rest_route=\/wp\/v2\/pages\/82"}],"collection":[{"href":"https:\/\/nathaliefrancoeur.com\/wp1\/index.php?rest_route=\/wp\/v2\/pages"}],"about":[{"href":"https:\/\/nathaliefrancoeur.com\/wp1\/index.php?rest_route=\/wp\/v2\/types\/page"}],"author":[{"embeddable":true,"href":"https:\/\/nathaliefrancoeur.com\/wp1\/index.php?rest_route=\/wp\/v2\/users\/1"}],"replies":[{"embeddable":true,"href":"https:\/\/nathaliefrancoeur.com\/wp1\/index.php?rest_route=%2Fwp%2Fv2%2Fcomments&post=82"}],"version-history":[{"count":5,"href":"https:\/\/nathaliefrancoeur.com\/wp1\/index.php?rest_route=\/wp\/v2\/pages\/82\/revisions"}],"predecessor-version":[{"id":144,"href":"https:\/\/nathaliefrancoeur.com\/wp1\/index.php?rest_route=\/wp\/v2\/pages\/82\/revisions\/144"}],"up":[{"embeddable":true,"href":"https:\/\/nathaliefrancoeur.com\/wp1\/index.php?rest_route=\/wp\/v2\/pages\/12"}],"wp:attachment":[{"href":"https:\/\/nathaliefrancoeur.com\/wp1\/index.php?rest_route=%2Fwp%2Fv2%2Fmedia&parent=82"}],"curies":[{"name":"wp","href":"https:\/\/api.w.org\/{rel}","templated":true}]}}