{"id":88,"date":"2014-11-12T17:50:05","date_gmt":"2014-11-12T22:50:05","guid":{"rendered":"http:\/\/nathaliefrancoeur.com\/wp1\/?page_id=88"},"modified":"2014-11-13T02:52:42","modified_gmt":"2014-11-13T07:52:42","slug":"therapie-de-couple","status":"publish","type":"page","link":"https:\/\/nathaliefrancoeur.com\/wp1\/?page_id=88","title":{"rendered":"Th\u00e9rapie de couple"},"content":{"rendered":"<p><em>La vie \u00e0 deux, pour le meilleur et pour le pire.<\/em><\/p>\n<p>Entreprendre une th\u00e9rapie de couple exige une volont\u00e9 commune de vouloir am\u00e9liorer la relation. Des objectifs concrets sont cibl\u00e9s. La d\u00e9marche se veut \u00e0 la fois fond\u00e9e sur une introspection personnelle ainsi que sur la capacit\u00e9 de mettre en commun nos valeurs et aspirations profondes. J&rsquo;am\u00e8ne les membres du\u00a0couple \u00e0 reconna\u00eetre leurs forces et faiblesses comme individu et comme couple afin d\u2019am\u00e9liorer leur relation.<\/p>\n<p>&nbsp;<\/p>\n<p><strong>La th\u00e9rapie se fait en trois \u00e9tapes\u00a0:\u00a0<\/strong><\/p>\n<p>Rencontre 1\u00a0: en couple<\/p>\n<p>L&rsquo;objectif de la rencontre est de comprendre la dynamique du couple et d&rsquo;en ressortir les objectifs de th\u00e9rapie.<\/p>\n<p>Rencontres 2 et 3\u00a0: en individuel<\/p>\n<p>Je rencontre chacune des personnes en individuel afin d&rsquo;\u00e9valuer la perception personnelle de la relation permettant d\u2019identifier le degr\u00e9 de motivation et d&rsquo;espoir d\u2019am\u00e9lioration.<\/p>\n<p>Rencontre 4\u00a0: en couple<\/p>\n<p>Le reste de la d\u00e9marche se fait en couple. Des exercices sont remis \u00e0 chacune des rencontres afin d&rsquo;amener la mobilisation du couple. Apprendre \u00e0 mieux se conna\u00eetre, \u00e0 mieux communiquer et cr\u00e9er un rapprochement au sein du couple permettant de faire progresser le couple vers un meilleur \u00e9quilibre.<\/p>\n","protected":false},"excerpt":{"rendered":"<p>La vie \u00e0 deux, pour le meilleur et pour le pire. Entreprendre une th\u00e9rapie de couple exige une volont\u00e9 commune de vouloir am\u00e9liorer la relation. Des objectifs concrets sont cibl\u00e9s. La d\u00e9marche se veut \u00e0 la fois fond\u00e9e sur une<\/p>\n","protected":false},"author":1,"featured_media":0,"parent":12,"menu_order":50,"comment_status":"closed","ping_status":"open","template":"","meta":[],"_links":{"self":[{"href":"https:\/\/nathaliefrancoeur.com\/wp1\/index.php?rest_route=\/wp\/v2\/pages\/88"}],"collection":[{"href":"https:\/\/nathaliefrancoeur.com\/wp1\/index.php?rest_route=\/wp\/v2\/pages"}],"about":[{"href":"https:\/\/nathaliefrancoeur.com\/wp1\/index.php?rest_route=\/wp\/v2\/types\/page"}],"author":[{"embeddable":true,"href":"https:\/\/nathaliefrancoeur.com\/wp1\/index.php?rest_route=\/wp\/v2\/users\/1"}],"replies":[{"embeddable":true,"href":"https:\/\/nathaliefrancoeur.com\/wp1\/index.php?rest_route=%2Fwp%2Fv2%2Fcomments&post=88"}],"version-history":[{"count":15,"href":"https:\/\/nathaliefrancoeur.com\/wp1\/index.php?rest_route=\/wp\/v2\/pages\/88\/revisions"}],"predecessor-version":[{"id":146,"href":"https:\/\/nathaliefrancoeur.com\/wp1\/index.php?rest_route=\/wp\/v2\/pages\/88\/revisions\/146"}],"up":[{"embeddable":true,"href":"https:\/\/nathaliefrancoeur.com\/wp1\/index.php?rest_route=\/wp\/v2\/pages\/12"}],"wp:attachment":[{"href":"https:\/\/nathaliefrancoeur.com\/wp1\/index.php?rest_route=%2Fwp%2Fv2%2Fmedia&parent=88"}],"curies":[{"name":"wp","href":"https:\/\/api.w.org\/{rel}","templated":true}]}}